{"id":2,"date":"2025-04-28T14:51:43","date_gmt":"2025-04-28T14:51:43","guid":{"rendered":"https:\/\/maderlandecoracion.rkinformatika.online\/?page_id=2"},"modified":"2025-05-20T13:48:41","modified_gmt":"2025-05-20T13:48:41","slug":"inicio","status":"publish","type":"page","link":"https:\/\/maderlandecoracion.com\/eu\/","title":{"rendered":"Hasiera"},"content":{"rendered":"<div data-elementor-type=\"wp-page\" data-elementor-id=\"2\" class=\"elementor elementor-2\" data-elementor-post-type=\"page\">\n\t\t\t\t<div class=\"elementor-element elementor-element-84b717d e-flex e-con-boxed e-con e-parent\" data-id=\"84b717d\" data-element_type=\"container\" data-e-type=\"container\" data-settings=\"{&quot;background_background&quot;:&quot;classic&quot;}\">\n\t\t\t\t\t<div class=\"e-con-inner\">\n\t\t<div class=\"elementor-element elementor-element-c20955b e-con-full e-flex e-con e-child\" data-id=\"c20955b\" data-element_type=\"container\" data-e-type=\"container\">\n\t\t\t\t<div class=\"elementor-element elementor-element-61b05c0 elementor-invisible elementor-widget elementor-widget-heading\" data-id=\"61b05c0\" data-element_type=\"widget\" data-e-type=\"widget\" data-settings=\"{&quot;_animation&quot;:&quot;fadeIn&quot;}\" data-widget_type=\"heading.default\">\n\t\t\t\t<div class=\"elementor-widget-container\">\n\t\t\t\t\t<h2 class=\"elementor-heading-title elementor-size-default\">Ongi etorri MADERLAN DECORACIONera <\/h2>\t\t\t\t<\/div>\n\t\t\t\t<\/div>\n\t\t\t\t<div class=\"elementor-element elementor-element-62e2fc9 elementor-invisible elementor-widget elementor-widget-heading\" data-id=\"62e2fc9\" data-element_type=\"widget\" data-e-type=\"widget\" data-settings=\"{&quot;_animation&quot;:&quot;fadeInUp&quot;}\" data-widget_type=\"heading.default\">\n\t\t\t\t<div class=\"elementor-widget-container\">\n\t\t\t\t\t<h2 class=\"elementor-heading-title elementor-size-default\">Edertasun pertsonalizatua espazio bakoitzerako.<\/h2>\t\t\t\t<\/div>\n\t\t\t\t<\/div>\n\t\t\t\t<\/div>\n\t\t\t\t\t<\/div>\n\t\t\t\t<\/div>\n\t\t<div class=\"elementor-element elementor-element-467e00e e-flex e-con-boxed e-con e-parent\" data-id=\"467e00e\" data-element_type=\"container\" data-e-type=\"container\" data-settings=\"{&quot;background_background&quot;:&quot;classic&quot;}\">\n\t\t\t\t\t<div class=\"e-con-inner\">\n\t\t<div class=\"elementor-element elementor-element-5392c47 e-con-full e-flex e-con e-child\" data-id=\"5392c47\" data-element_type=\"container\" data-e-type=\"container\" data-settings=\"{&quot;background_background&quot;:&quot;classic&quot;}\">\n\t\t<div class=\"elementor-element elementor-element-2fecdd1 e-con-full e-flex e-con e-child\" data-id=\"2fecdd1\" data-element_type=\"container\" data-e-type=\"container\" data-settings=\"{&quot;background_background&quot;:&quot;classic&quot;}\">\n\t\t\t\t<\/div>\n\t\t\t\t<\/div>\n\t\t<div class=\"elementor-element elementor-element-ce6196d e-con-full e-flex e-con e-child\" data-id=\"ce6196d\" data-element_type=\"container\" data-e-type=\"container\">\n\t\t\t\t<div class=\"elementor-element elementor-element-9f1fdfd elementor-widget elementor-widget-heading\" data-id=\"9f1fdfd\" data-element_type=\"widget\" data-e-type=\"widget\" data-widget_type=\"heading.default\">\n\t\t\t\t<div class=\"elementor-widget-container\">\n\t\t\t\t\t<h2 class=\"elementor-heading-title elementor-size-default\">Nor gara?<\/h2>\t\t\t\t<\/div>\n\t\t\t\t<\/div>\n\t\t\t\t<div class=\"elementor-element elementor-element-c0167ef elementor-widget elementor-widget-text-editor\" data-id=\"c0167ef\" data-element_type=\"widget\" data-e-type=\"widget\" data-widget_type=\"text-editor.default\">\n\t\t\t\t<div class=\"elementor-widget-container\">\n\t\t\t\t\t\t\t\t\t<p>Pilar Garcia naiz, MADERLANeko taldearen ageriko aurpegia. Nire lanarekin eta interiorismoak dakarren erronka berri bakoitzarekin gozatzen duen pertsona bat, bai eta pozik dagoen bezero batek transmititzen duen emozioarekin eta sariarekin ere.<\/p><p>Profesional handien talde bat daukat, garatu beharreko ideia bakoitzean duten esperientziarekin laguntzen didatena.<\/p><p>Proiektu bakoitzean, espazioa bere bertsiorik onenean nola eraldatu pentsatzen dut, argi naturala aprobetxatuz, espazioa optimizatuz, argiztapena hobetuz eta berotasuna emanez, intuitiboa eta naturala iruditzen zaidana.<\/p><p>Nire asmoa da espazio gardenak, soilak eta denboraz kanpokoak lortzea, joeretatik haratago iraungo dutenak, desberdintasuna markatzen duten kulturen mestizaje batekin. Estetikaren eta funtzionaltasunaren arteko lotura. Jarduera honetan gure pasioa jartzen dugu, bezeroarekiko konplizitatean, bultzatzen gaituzten sinergiak sortuz.<\/p><p>Gure bezeroei esker gara, eta aukera hau aprobetxatu nahi dugu berriro ere eskerrak emateko, eta zerga txiki hau emateko.<\/p>\t\t\t\t\t\t\t\t<\/div>\n\t\t\t\t<\/div>\n\t\t\t\t<\/div>\n\t\t\t\t\t<\/div>\n\t\t\t\t<\/div>\n\t\t<div class=\"elementor-element elementor-element-d47da31 e-flex e-con-boxed e-con e-parent\" data-id=\"d47da31\" data-element_type=\"container\" data-e-type=\"container\" data-settings=\"{&quot;background_background&quot;:&quot;classic&quot;}\">\n\t\t\t\t\t<div class=\"e-con-inner\">\n\t\t<div class=\"elementor-element elementor-element-dbf70df e-con-full e-flex e-con e-child\" data-id=\"dbf70df\" data-element_type=\"container\" data-e-type=\"container\" data-settings=\"{&quot;background_background&quot;:&quot;classic&quot;}\">\n\t\t<div class=\"elementor-element elementor-element-98a2bd2 e-con-full e-flex e-con e-child\" data-id=\"98a2bd2\" data-element_type=\"container\" data-e-type=\"container\" data-settings=\"{&quot;background_background&quot;:&quot;classic&quot;}\">\n\t\t\t\t<\/div>\n\t\t\t\t<\/div>\n\t\t<div class=\"elementor-element elementor-element-db0ad73 e-con-full e-flex e-con e-child\" data-id=\"db0ad73\" data-element_type=\"container\" data-e-type=\"container\">\n\t\t\t\t<div class=\"elementor-element elementor-element-6121fc4 elementor-widget elementor-widget-heading\" data-id=\"6121fc4\" data-element_type=\"widget\" data-e-type=\"widget\" data-widget_type=\"heading.default\">\n\t\t\t\t<div class=\"elementor-widget-container\">\n\t\t\t\t\t<h2 class=\"elementor-heading-title elementor-size-default\">HISTORIA<\/h2>\t\t\t\t<\/div>\n\t\t\t\t<\/div>\n\t\t\t\t<div class=\"elementor-element elementor-element-a5afe63 elementor-widget elementor-widget-text-editor\" data-id=\"a5afe63\" data-element_type=\"widget\" data-e-type=\"widget\" data-widget_type=\"text-editor.default\">\n\t\t\t\t<div class=\"elementor-widget-container\">\n\t\t\t\t\t\t\t\t\t<p>Maderlan Decoracion 25 urte baino gehiagoko ibilbidea duen proiektu familiarra da, barnealdeen diseinuari eta dekorazio pertsonalizatuari eskainia. Urteetan zehar, gure bezeroen beharretara egokituz eboluzionatu dugu, espazio paregabeak sortuz, arimarekin eta erosotasunarekin.<\/p><p>Altzari integralak eta dekorazio elementu ugari eskaintzen ditugu proiektu bakoitza aberasteko. Gure gertuko tratua eta sortutako konfiantza funtsezkoak izan dira, gure bezero asko gomendioz iristen baitira.<\/p><p>Gure bezeroei laguntzen diegu lehen elkarrizketatik proiektuaren azken fasera arte, eraberritze edo altzari-hornitze prozesu osoan aholkularitza pertsonalizatua eskainiz. Ideiak errealitate, esperientzia eta dedikazio bihurtzen ditugu.<\/p>\t\t\t\t\t\t\t\t<\/div>\n\t\t\t\t<\/div>\n\t\t\t\t<\/div>\n\t\t\t\t\t<\/div>\n\t\t\t\t<\/div>\n\t\t<div class=\"elementor-element elementor-element-e628d41 e-flex e-con-boxed e-con e-parent\" data-id=\"e628d41\" data-element_type=\"container\" data-e-type=\"container\">\n\t\t\t\t\t<div class=\"e-con-inner\">\n\t\t\t\t<div class=\"elementor-element elementor-element-9adb1b3 elementor-widget elementor-widget-heading\" data-id=\"9adb1b3\" data-element_type=\"widget\" data-e-type=\"widget\" data-widget_type=\"heading.default\">\n\t\t\t\t<div class=\"elementor-widget-container\">\n\t\t\t\t\t<h2 class=\"elementor-heading-title elementor-size-default\">\u201cZure etxeak zutaz hitz egiten du, gu geu garen lekuan, gure\naterpea, non denbora gelditu egiten den eta espazioa ongizatea den. \u201d<\/h2>\t\t\t\t<\/div>\n\t\t\t\t<\/div>\n\t\t\t\t<div class=\"elementor-element elementor-element-551e6b6 elementor-arrows-position-inside elementor-pagination-position-outside elementor-widget elementor-widget-image-carousel\" data-id=\"551e6b6\" data-element_type=\"widget\" data-e-type=\"widget\" data-settings=\"{&quot;slides_to_show&quot;:&quot;1&quot;,&quot;navigation&quot;:&quot;both&quot;,&quot;autoplay&quot;:&quot;yes&quot;,&quot;pause_on_hover&quot;:&quot;yes&quot;,&quot;pause_on_interaction&quot;:&quot;yes&quot;,&quot;autoplay_speed&quot;:5000,&quot;infinite&quot;:&quot;yes&quot;,&quot;effect&quot;:&quot;slide&quot;,&quot;speed&quot;:500}\" data-widget_type=\"image-carousel.default\">\n\t\t\t\t<div class=\"elementor-widget-container\">\n\t\t\t\t\t\t\t<div class=\"elementor-image-carousel-wrapper swiper\" role=\"region\" aria-roledescription=\"carousel\" aria-label=\"Carrusel de im\u00e1genes\" dir=\"ltr\">\n\t\t\t<div class=\"elementor-image-carousel swiper-wrapper\" aria-live=\"off\">\n\t\t\t\t\t\t\t\t<div class=\"swiper-slide\" role=\"group\" aria-roledescription=\"slide\" aria-label=\"1 of 9\" data-no-translation-aria-label=\"\"><figure class=\"swiper-slide-inner\"><img decoding=\"async\" class=\"swiper-slide-image\" src=\"https:\/\/maderlandecoracion.com\/wp-content\/uploads\/elementor\/thumbs\/Anadir-un-titulo-91-r54frzi30qv8ui3rxoryqjuscsvfl4mfpqgqr60vxo.png\" alt=\"A\u00f1adir un t\u00edtulo (91)\" \/><\/figure><\/div><div class=\"swiper-slide\" role=\"group\" aria-roledescription=\"slide\" aria-label=\"2 of 9\" data-no-translation-aria-label=\"\"><figure class=\"swiper-slide-inner\"><img decoding=\"async\" class=\"swiper-slide-image\" src=\"https:\/\/maderlandecoracion.com\/wp-content\/uploads\/elementor\/thumbs\/Anadir-un-titulo-89-r54fsbpzhlbz1fm0yc244yrs2t77d6yy3ey1zriros.png\" alt=\"A\u00f1adir un t\u00edtulo (89)\" \/><\/figure><\/div><div class=\"swiper-slide\" role=\"group\" aria-roledescription=\"slide\" aria-label=\"3 of 9\" data-no-translation-aria-label=\"\"><figure class=\"swiper-slide-inner\"><img decoding=\"async\" class=\"swiper-slide-image\" src=\"https:\/\/maderlandecoracion.com\/wp-content\/uploads\/elementor\/thumbs\/WhatsApp-Image-2025-03-17-at-14.45.16-1-r5cw3zq0litbf5w7jzcvycanf2433g7hoxi5mzg0x8.jpeg\" alt=\"WhatsApp Image 2025-03-17 at 14.45.16 (1)\" \/><\/figure><\/div><div class=\"swiper-slide\" role=\"group\" aria-roledescription=\"slide\" aria-label=\"4 of 9\" data-no-translation-aria-label=\"\"><figure class=\"swiper-slide-inner\"><img decoding=\"async\" class=\"swiper-slide-image\" src=\"https:\/\/maderlandecoracion.com\/wp-content\/uploads\/elementor\/thumbs\/Anadir-un-titulo-92-r54fup9aril2dy5s2v15xv6q4vhltneir6b8nxzxyk.png\" alt=\"A\u00f1adir un t\u00edtulo (92)\" \/><\/figure><\/div><div class=\"swiper-slide\" role=\"group\" aria-roledescription=\"slide\" aria-label=\"5 of 9\" data-no-translation-aria-label=\"\"><figure class=\"swiper-slide-inner\"><img decoding=\"async\" class=\"swiper-slide-image\" src=\"https:\/\/maderlandecoracion.com\/wp-content\/uploads\/elementor\/thumbs\/Anadir-un-titulo-87-r54fsm27krq4l5709yj0ee5um1s8pv3zsu4e9t3fsc.png\" alt=\"A\u00f1adir un t\u00edtulo (87)\" \/><\/figure><\/div><div class=\"swiper-slide\" role=\"group\" aria-roledescription=\"slide\" aria-label=\"6 of 9\" data-no-translation-aria-label=\"\"><figure class=\"swiper-slide-inner\"><img decoding=\"async\" class=\"swiper-slide-image\" src=\"https:\/\/maderlandecoracion.com\/wp-content\/uploads\/elementor\/thumbs\/Anadir-un-titulo-86-r54fsqreixwk7706iik58uz5kz52scmnhhdto6wgx8.png\" alt=\"A\u00f1adir un t\u00edtulo (86)\" \/><\/figure><\/div><div class=\"swiper-slide\" role=\"group\" aria-roledescription=\"slide\" aria-label=\"7 of 9\" data-no-translation-aria-label=\"\"><figure class=\"swiper-slide-inner\"><img decoding=\"async\" class=\"swiper-slide-image\" src=\"https:\/\/maderlandecoracion.com\/wp-content\/uploads\/elementor\/thumbs\/Anadir-un-titulo-88-r54fsgf6frienhf76w38zfl31qk1fohls27he5bsto.png\" alt=\"A\u00f1adir un t\u00edtulo (88)\" \/><\/figure><\/div><div class=\"swiper-slide\" role=\"group\" aria-roledescription=\"slide\" aria-label=\"8 of 9\" data-no-translation-aria-label=\"\"><figure class=\"swiper-slide-inner\"><img decoding=\"async\" class=\"swiper-slide-image\" src=\"https:\/\/maderlandecoracion.com\/wp-content\/uploads\/elementor\/thumbs\/WhatsApp-Image-2025-03-17-at-15.03.03-r5cw529edqa2n6c8ay0lakkjruu4v1ghi892bbuvu4.jpeg\" alt=\"WhatsApp Image 2025-03-17 at 15.03.03\" \/><\/figure><\/div><div class=\"swiper-slide\" role=\"group\" aria-roledescription=\"slide\" aria-label=\"9 of 9\" data-no-translation-aria-label=\"\"><figure class=\"swiper-slide-inner\"><img decoding=\"async\" class=\"swiper-slide-image\" src=\"https:\/\/maderlandecoracion.com\/wp-content\/uploads\/elementor\/thumbs\/Anadir-un-titulo-90-r54fs62ycl493ru7v9mcq070ihz030ck2n1543r4q4.png\" alt=\"A\u00f1adir un t\u00edtulo (90)\" \/><\/figure><\/div>\t\t\t<\/div>\n\t\t\t\t\t\t\t\t\t\t\t\t<div class=\"elementor-swiper-button elementor-swiper-button-prev\" role=\"button\" tabindex=\"0\">\n\t\t\t\t\t\t<svg aria-hidden=\"true\" class=\"e-font-icon-svg e-eicon-chevron-left\" viewbox=\"0 0 1000 1000\" xmlns=\"http:\/\/www.w3.org\/2000\/svg\"><path d=\"M646 125C629 125 613 133 604 142L308 442C296 454 292 471 292 487 292 504 296 521 308 533L604 854C617 867 629 875 646 875 663 875 679 871 692 858 704 846 713 829 713 812 713 796 708 779 692 767L438 487 692 225C700 217 708 204 708 187 708 171 704 154 692 142 675 129 663 125 646 125Z\"><\/path><\/svg>\t\t\t\t\t<\/div>\n\t\t\t\t\t<div class=\"elementor-swiper-button elementor-swiper-button-next\" role=\"button\" tabindex=\"0\">\n\t\t\t\t\t\t<svg aria-hidden=\"true\" class=\"e-font-icon-svg e-eicon-chevron-right\" viewbox=\"0 0 1000 1000\" xmlns=\"http:\/\/www.w3.org\/2000\/svg\"><path d=\"M696 533C708 521 713 504 713 487 713 471 708 454 696 446L400 146C388 133 375 125 354 125 338 125 325 129 313 142 300 154 292 171 292 187 292 204 296 221 308 233L563 492 304 771C292 783 288 800 288 817 288 833 296 850 308 863 321 871 338 875 354 875 371 875 388 867 400 854L696 533Z\"><\/path><\/svg>\t\t\t\t\t<\/div>\n\t\t\t\t\n\t\t\t\t\t\t\t\t\t<div class=\"swiper-pagination\"><\/div>\n\t\t\t\t\t\t\t\t\t<\/div>\n\t\t\t\t\t\t<\/div>\n\t\t\t\t<\/div>\n\t\t\t\t\t<\/div>\n\t\t\t\t<\/div>\n\t\t<div class=\"elementor-element elementor-element-132550e e-flex e-con-boxed e-con e-parent\" data-id=\"132550e\" data-element_type=\"container\" data-e-type=\"container\" data-settings=\"{&quot;background_background&quot;:&quot;classic&quot;}\">\n\t\t\t\t\t<div class=\"e-con-inner\">\n\t\t\t\t<div class=\"elementor-element elementor-element-2c7dcf3 elementor-invisible elementor-widget elementor-widget-heading\" data-id=\"2c7dcf3\" data-element_type=\"widget\" data-e-type=\"widget\" data-settings=\"{&quot;_animation&quot;:&quot;fadeIn&quot;}\" data-widget_type=\"heading.default\">\n\t\t\t\t<div class=\"elementor-widget-container\">\n\t\t\t\t\t<h2 class=\"elementor-heading-title elementor-size-default\">Ezagutu nola lagun diezazukegun espazio hori sortzen.<\/h2>\t\t\t\t<\/div>\n\t\t\t\t<\/div>\n\t\t\t\t<div class=\"elementor-element elementor-element-273aad3 elementor-align-center elementor-invisible elementor-widget elementor-widget-button\" data-id=\"273aad3\" data-element_type=\"widget\" data-e-type=\"widget\" data-settings=\"{&quot;_animation&quot;:&quot;fadeIn&quot;}\" data-widget_type=\"button.default\">\n\t\t\t\t<div class=\"elementor-widget-container\">\n\t\t\t\t\t\t\t\t\t<div class=\"elementor-button-wrapper\">\n\t\t\t\t\t<a class=\"elementor-button elementor-button-link elementor-size-sm\" href=\"https:\/\/maderlandecoracion.com\/eu\/proyectos\/\">\n\t\t\t\t\t\t<span class=\"elementor-button-content-wrapper\">\n\t\t\t\t\t\t\t\t\t<span class=\"elementor-button-text\">Ikusi proiektuak<\/span>\n\t\t\t\t\t<\/span>\n\t\t\t\t\t<\/a>\n\t\t\t\t<\/div>\n\t\t\t\t\t\t\t\t<\/div>\n\t\t\t\t<\/div>\n\t\t\t\t\t<\/div>\n\t\t\t\t<\/div>\n\t\t\t\t<\/div>","protected":false},"excerpt":{"rendered":"<p>Bienvenido a MADERLAN DECORACI\u00d3N Belleza personalizada para cada espacio. \u00bfQUIENES SOMOS? Soy Pilar Garc\u00eda, la cara visible del equipo de MADERLAN. Una persona que disfruta con mi trabajo y con cada nuevo reto que supone el interiorismo, as\u00ed como de la emoci\u00f3n y gratificaci\u00f3n que transmite un cliente satisfecho. Cuento con un equipo de grandes [&hellip;]<\/p>\n","protected":false},"author":1,"featured_media":0,"parent":0,"menu_order":0,"comment_status":"closed","ping_status":"closed","template":"elementor_canvas","meta":{"footnotes":""},"class_list":["post-2","page","type-page","status-publish","hentry"],"yoast_head":"<!-- This site is optimized with the Yoast SEO plugin v27.3 - https:\/\/yoast.com\/product\/yoast-seo-wordpress\/ -->\n<title>Inicio - Maderlan decoraci\u00f3n<\/title>\n<meta name=\"robots\" content=\"index, follow, max-snippet:-1, max-image-preview:large, max-video-preview:-1\" \/>\n<link rel=\"canonical\" href=\"https:\/\/maderlandecoracion.com\/eu\/\" \/>\n<meta property=\"og:locale\" content=\"en_US\" \/>\n<meta property=\"og:type\" content=\"article\" \/>\n<meta property=\"og:title\" content=\"Inicio - Maderlan decoraci\u00f3n\" \/>\n<meta property=\"og:description\" content=\"Bienvenido a MADERLAN DECORACI\u00d3N Belleza personalizada para cada espacio. \u00bfQUIENES SOMOS? Soy Pilar Garc\u00eda, la cara visible del equipo de MADERLAN. Una persona que disfruta con mi trabajo y con cada nuevo reto que supone el interiorismo, as\u00ed como de la emoci\u00f3n y gratificaci\u00f3n que transmite un cliente satisfecho. Cuento con un equipo de grandes [&hellip;]\" \/>\n<meta property=\"og:url\" content=\"https:\/\/maderlandecoracion.com\/eu\/\" \/>\n<meta property=\"og:site_name\" content=\"Maderlan decoraci\u00f3n\" \/>\n<meta property=\"article:modified_time\" content=\"2025-05-20T13:48:41+00:00\" \/>\n<meta property=\"og:image\" content=\"https:\/\/maderlandecoracion.com\/wp-content\/uploads\/elementor\/thumbs\/Anadir-un-titulo-91-r54frzi30qv8ui3rxoryqjuscsvfl4mfpqgqr60vxo.png\" \/>\n<meta name=\"twitter:card\" content=\"summary_large_image\" \/>\n<meta name=\"twitter:label1\" content=\"Est. reading time\" \/>\n\t<meta name=\"twitter:data1\" content=\"4 minutua\" \/>\n<script type=\"application\/ld+json\" class=\"yoast-schema-graph\">{\"@context\":\"https:\\\/\\\/schema.org\",\"@graph\":[{\"@type\":\"WebPage\",\"@id\":\"https:\\\/\\\/maderlandecoracion.com\\\/\",\"url\":\"https:\\\/\\\/maderlandecoracion.com\\\/\",\"name\":\"Inicio - Maderlan decoraci\u00f3n\",\"isPartOf\":{\"@id\":\"https:\\\/\\\/maderlandecoracion.com\\\/#website\"},\"primaryImageOfPage\":{\"@id\":\"https:\\\/\\\/maderlandecoracion.com\\\/#primaryimage\"},\"image\":{\"@id\":\"https:\\\/\\\/maderlandecoracion.com\\\/#primaryimage\"},\"thumbnailUrl\":\"https:\\\/\\\/maderlandecoracion.com\\\/wp-content\\\/uploads\\\/elementor\\\/thumbs\\\/Anadir-un-titulo-91-r54frzi30qv8ui3rxoryqjuscsvfl4mfpqgqr60vxo.png\",\"datePublished\":\"2025-04-28T14:51:43+00:00\",\"dateModified\":\"2025-05-20T13:48:41+00:00\",\"breadcrumb\":{\"@id\":\"https:\\\/\\\/maderlandecoracion.com\\\/#breadcrumb\"},\"inLanguage\":\"eu\",\"potentialAction\":[{\"@type\":\"ReadAction\",\"target\":[\"https:\\\/\\\/maderlandecoracion.com\\\/\"]}]},{\"@type\":\"ImageObject\",\"inLanguage\":\"eu\",\"@id\":\"https:\\\/\\\/maderlandecoracion.com\\\/#primaryimage\",\"url\":\"https:\\\/\\\/maderlandecoracion.com\\\/wp-content\\\/uploads\\\/elementor\\\/thumbs\\\/Anadir-un-titulo-91-r54frzi30qv8ui3rxoryqjuscsvfl4mfpqgqr60vxo.png\",\"contentUrl\":\"https:\\\/\\\/maderlandecoracion.com\\\/wp-content\\\/uploads\\\/elementor\\\/thumbs\\\/Anadir-un-titulo-91-r54frzi30qv8ui3rxoryqjuscsvfl4mfpqgqr60vxo.png\"},{\"@type\":\"BreadcrumbList\",\"@id\":\"https:\\\/\\\/maderlandecoracion.com\\\/#breadcrumb\",\"itemListElement\":[{\"@type\":\"ListItem\",\"position\":1,\"name\":\"Portada\",\"item\":\"https:\\\/\\\/maderlandecoracion.com\\\/\"},{\"@type\":\"ListItem\",\"position\":2,\"name\":\"Inicio\"}]},{\"@type\":\"WebSite\",\"@id\":\"https:\\\/\\\/maderlandecoracion.com\\\/#website\",\"url\":\"https:\\\/\\\/maderlandecoracion.com\\\/\",\"name\":\"Maderlan decoraci\u00f3n\",\"description\":\"Comprometidos en satisfacer una demanda integral decorativa hemos creado espacios con alma ,singulares, combinando todos los elementos necesarios para un resultado \u00f3ptimo y confortable.\",\"publisher\":{\"@id\":\"https:\\\/\\\/maderlandecoracion.com\\\/#organization\"},\"potentialAction\":[{\"@type\":\"SearchAction\",\"target\":{\"@type\":\"EntryPoint\",\"urlTemplate\":\"https:\\\/\\\/maderlandecoracion.com\\\/?s={search_term_string}\"},\"query-input\":{\"@type\":\"PropertyValueSpecification\",\"valueRequired\":true,\"valueName\":\"search_term_string\"}}],\"inLanguage\":\"eu\"},{\"@type\":\"Organization\",\"@id\":\"https:\\\/\\\/maderlandecoracion.com\\\/#organization\",\"name\":\"Maderlan decoraci\u00f3n\",\"url\":\"https:\\\/\\\/maderlandecoracion.com\\\/\",\"logo\":{\"@type\":\"ImageObject\",\"inLanguage\":\"eu\",\"@id\":\"https:\\\/\\\/maderlandecoracion.com\\\/#\\\/schema\\\/logo\\\/image\\\/\",\"url\":\"https:\\\/\\\/maderlandecoracion.com\\\/wp-content\\\/uploads\\\/2025\\\/04\\\/cropped-Captura-desde-2025-04-30-10-43-17.png\",\"contentUrl\":\"https:\\\/\\\/maderlandecoracion.com\\\/wp-content\\\/uploads\\\/2025\\\/04\\\/cropped-Captura-desde-2025-04-30-10-43-17.png\",\"width\":1633,\"height\":466,\"caption\":\"Maderlan decoraci\u00f3n\"},\"image\":{\"@id\":\"https:\\\/\\\/maderlandecoracion.com\\\/#\\\/schema\\\/logo\\\/image\\\/\"}}]}<\/script>\n<!-- \/ Yoast SEO plugin. -->","yoast_head_json":{"title":"Inicio - Maderlan decoraci\u00f3n","robots":{"index":"index","follow":"follow","max-snippet":"max-snippet:-1","max-image-preview":"max-image-preview:large","max-video-preview":"max-video-preview:-1"},"canonical":"https:\/\/maderlandecoracion.com\/eu\/","og_locale":"en_US","og_type":"article","og_title":"Inicio - Maderlan decoraci\u00f3n","og_description":"Bienvenido a MADERLAN DECORACI\u00d3N Belleza personalizada para cada espacio. \u00bfQUIENES SOMOS? Soy Pilar Garc\u00eda, la cara visible del equipo de MADERLAN. Una persona que disfruta con mi trabajo y con cada nuevo reto que supone el interiorismo, as\u00ed como de la emoci\u00f3n y gratificaci\u00f3n que transmite un cliente satisfecho. Cuento con un equipo de grandes [&hellip;]","og_url":"https:\/\/maderlandecoracion.com\/eu\/","og_site_name":"Maderlan decoraci\u00f3n","article_modified_time":"2025-05-20T13:48:41+00:00","og_image":[{"url":"https:\/\/maderlandecoracion.com\/wp-content\/uploads\/elementor\/thumbs\/Anadir-un-titulo-91-r54frzi30qv8ui3rxoryqjuscsvfl4mfpqgqr60vxo.png","type":"","width":"","height":""}],"twitter_card":"summary_large_image","twitter_misc":{"Est. reading time":"4 minutua"},"schema":{"@context":"https:\/\/schema.org","@graph":[{"@type":"WebPage","@id":"https:\/\/maderlandecoracion.com\/","url":"https:\/\/maderlandecoracion.com\/","name":"Inicio - Maderlan decoraci\u00f3n","isPartOf":{"@id":"https:\/\/maderlandecoracion.com\/#website"},"primaryImageOfPage":{"@id":"https:\/\/maderlandecoracion.com\/#primaryimage"},"image":{"@id":"https:\/\/maderlandecoracion.com\/#primaryimage"},"thumbnailUrl":"https:\/\/maderlandecoracion.com\/wp-content\/uploads\/elementor\/thumbs\/Anadir-un-titulo-91-r54frzi30qv8ui3rxoryqjuscsvfl4mfpqgqr60vxo.png","datePublished":"2025-04-28T14:51:43+00:00","dateModified":"2025-05-20T13:48:41+00:00","breadcrumb":{"@id":"https:\/\/maderlandecoracion.com\/#breadcrumb"},"inLanguage":"eu","potentialAction":[{"@type":"ReadAction","target":["https:\/\/maderlandecoracion.com\/"]}]},{"@type":"ImageObject","inLanguage":"eu","@id":"https:\/\/maderlandecoracion.com\/#primaryimage","url":"https:\/\/maderlandecoracion.com\/wp-content\/uploads\/elementor\/thumbs\/Anadir-un-titulo-91-r54frzi30qv8ui3rxoryqjuscsvfl4mfpqgqr60vxo.png","contentUrl":"https:\/\/maderlandecoracion.com\/wp-content\/uploads\/elementor\/thumbs\/Anadir-un-titulo-91-r54frzi30qv8ui3rxoryqjuscsvfl4mfpqgqr60vxo.png"},{"@type":"BreadcrumbList","@id":"https:\/\/maderlandecoracion.com\/#breadcrumb","itemListElement":[{"@type":"ListItem","position":1,"name":"Portada","item":"https:\/\/maderlandecoracion.com\/"},{"@type":"ListItem","position":2,"name":"Inicio"}]},{"@type":"WebSite","@id":"https:\/\/maderlandecoracion.com\/#website","url":"https:\/\/maderlandecoracion.com\/","name":"Maderlan decoraci\u00f3n","description":"Comprometidos en satisfacer una demanda integral decorativa hemos creado espacios con alma ,singulares, combinando todos los elementos necesarios para un resultado \u00f3ptimo y confortable.","publisher":{"@id":"https:\/\/maderlandecoracion.com\/#organization"},"potentialAction":[{"@type":"SearchAction","target":{"@type":"EntryPoint","urlTemplate":"https:\/\/maderlandecoracion.com\/?s={search_term_string}"},"query-input":{"@type":"PropertyValueSpecification","valueRequired":true,"valueName":"search_term_string"}}],"inLanguage":"eu"},{"@type":"Organization","@id":"https:\/\/maderlandecoracion.com\/#organization","name":"Maderlan decoraci\u00f3n","url":"https:\/\/maderlandecoracion.com\/","logo":{"@type":"ImageObject","inLanguage":"eu","@id":"https:\/\/maderlandecoracion.com\/#\/schema\/logo\/image\/","url":"https:\/\/maderlandecoracion.com\/wp-content\/uploads\/2025\/04\/cropped-Captura-desde-2025-04-30-10-43-17.png","contentUrl":"https:\/\/maderlandecoracion.com\/wp-content\/uploads\/2025\/04\/cropped-Captura-desde-2025-04-30-10-43-17.png","width":1633,"height":466,"caption":"Maderlan decoraci\u00f3n"},"image":{"@id":"https:\/\/maderlandecoracion.com\/#\/schema\/logo\/image\/"}}]}},"_links":{"self":[{"href":"https:\/\/maderlandecoracion.com\/eu\/wp-json\/wp\/v2\/pages\/2","targetHints":{"allow":["GET"]}}],"collection":[{"href":"https:\/\/maderlandecoracion.com\/eu\/wp-json\/wp\/v2\/pages"}],"about":[{"href":"https:\/\/maderlandecoracion.com\/eu\/wp-json\/wp\/v2\/types\/page"}],"author":[{"embeddable":true,"href":"https:\/\/maderlandecoracion.com\/eu\/wp-json\/wp\/v2\/users\/1"}],"replies":[{"embeddable":true,"href":"https:\/\/maderlandecoracion.com\/eu\/wp-json\/wp\/v2\/comments?post=2"}],"version-history":[{"count":349,"href":"https:\/\/maderlandecoracion.com\/eu\/wp-json\/wp\/v2\/pages\/2\/revisions"}],"predecessor-version":[{"id":1562,"href":"https:\/\/maderlandecoracion.com\/eu\/wp-json\/wp\/v2\/pages\/2\/revisions\/1562"}],"wp:attachment":[{"href":"https:\/\/maderlandecoracion.com\/eu\/wp-json\/wp\/v2\/media?parent=2"}],"curies":[{"name":"wp","href":"https:\/\/api.w.org\/{rel}","templated":true}]}}